{"id":3042,"date":"2024-12-10T22:22:47","date_gmt":"2024-12-10T21:22:47","guid":{"rendered":"https:\/\/fietseninegmond.nl\/?page_id=3042"},"modified":"2025-12-11T11:45:33","modified_gmt":"2025-12-11T10:45:33","slug":"fahrradsicherheitsbedingungen","status":"publish","type":"page","link":"https:\/\/fietseninegmond.nl\/de\/fahrrad-sicherheitspaket-2\/fahrradsicherheitsbedingungen\/","title":{"rendered":"Sicherheitsbedingungen f\u00fcr Fahrr\u00e4der"},"content":{"rendered":"<div data-elementor-type=\"wp-page\" data-elementor-id=\"3042\" class=\"elementor elementor-3042\" data-elementor-post-type=\"page\">\n\t\t\t\t<div class=\"elementor-element elementor-element-572d9b3 e-flex e-con-boxed e-con e-parent\" data-id=\"572d9b3\" data-element_type=\"container\" data-e-type=\"container\" data-settings=\"{&quot;background_background&quot;:&quot;classic&quot;,&quot;jet_parallax_layout_list&quot;:[]}\">\n\t\t\t\t\t<div class=\"e-con-inner\">\n\t\t\t\t<div class=\"elementor-element elementor-element-0bc63a5 elementor-widget elementor-widget-heading\" data-id=\"0bc63a5\" data-element_type=\"widget\" data-e-type=\"widget\" data-widget_type=\"heading.default\">\n\t\t\t\t<div class=\"elementor-widget-container\">\n\t\t\t\t\t<h2 class=\"elementor-heading-title elementor-size-default\"> <\/h2>\t\t\t\t<\/div>\n\t\t\t\t<\/div>\n\t\t\t\t\t<\/div>\n\t\t\t\t<\/div>\n\t\t<div class=\"elementor-element elementor-element-970761d e-flex e-con-boxed e-con e-parent\" data-id=\"970761d\" data-element_type=\"container\" data-e-type=\"container\" data-settings=\"{&quot;background_background&quot;:&quot;classic&quot;,&quot;jet_parallax_layout_list&quot;:[]}\">\n\t\t\t\t\t<div class=\"e-con-inner\">\n\t\t<div class=\"elementor-element elementor-element-9aae49d e-con-full e-flex e-con e-child\" data-id=\"9aae49d\" data-element_type=\"container\" data-e-type=\"container\" data-settings=\"{&quot;background_background&quot;:&quot;classic&quot;,&quot;jet_parallax_layout_list&quot;:[]}\">\n\t\t\t\t<div class=\"elementor-element elementor-element-5db7ed3 elementor-widget elementor-widget-heading\" data-id=\"5db7ed3\" data-element_type=\"widget\" data-e-type=\"widget\" data-widget_type=\"heading.default\">\n\t\t\t\t<div class=\"elementor-widget-container\">\n\t\t\t\t\t<h2 class=\"elementor-heading-title elementor-size-default\">Allgemeine Gesch\u00e4ftsbedingungen 'Radfahren in Egmond Garantien' \u2013 Paket<\/h2>\t\t\t\t<\/div>\n\t\t\t\t<\/div>\n\t\t\t\t<div class=\"elementor-element elementor-element-7240b93 elementor-widget elementor-widget-spacer\" data-id=\"7240b93\" data-element_type=\"widget\" data-e-type=\"widget\" data-widget_type=\"spacer.default\">\n\t\t\t\t<div class=\"elementor-widget-container\">\n\t\t\t\t\t\t\t<div class=\"elementor-spacer\">\n\t\t\t<div class=\"elementor-spacer-inner\"><\/div>\n\t\t<\/div>\n\t\t\t\t\t\t<\/div>\n\t\t\t\t<\/div>\n\t\t\t\t<div class=\"elementor-element elementor-element-2fa9414 elementor-widget elementor-widget-text-editor\" data-id=\"2fa9414\" data-element_type=\"widget\" data-e-type=\"widget\" data-widget_type=\"text-editor.default\">\n\t\t\t\t<div class=\"elementor-widget-container\">\n\t\t\t\t\t\t\t\t\t<p>Mieter k\u00f6nnen f\u00fcr jede Mietimmobilie das Paket \u2018Radfahrgarantien in Egmond\u2019 vom Vermieter erwerben. Die Kosten betragen 10% des Gesamtmietpreises, exklusive Kaution. Hat der Mieter das Paket \u2018Radfahrgarantien in Egmond\u2019 erworben, stehen ihm f\u00fcr die betreffende Immobilie folgende Leistungen zu:<\/p>\t\t\t\t\t\t\t\t<\/div>\n\t\t\t\t<\/div>\n\t\t\t\t<div class=\"elementor-element elementor-element-a7bc993 elementor-widget elementor-widget-spacer\" data-id=\"a7bc993\" data-element_type=\"widget\" data-e-type=\"widget\" data-widget_type=\"spacer.default\">\n\t\t\t\t<div class=\"elementor-widget-container\">\n\t\t\t\t\t\t\t<div class=\"elementor-spacer\">\n\t\t\t<div class=\"elementor-spacer-inner\"><\/div>\n\t\t<\/div>\n\t\t\t\t\t\t<\/div>\n\t\t\t\t<\/div>\n\t\t\t\t<div class=\"elementor-element elementor-element-885db3f elementor-widget elementor-widget-text-editor\" data-id=\"885db3f\" data-element_type=\"widget\" data-e-type=\"widget\" data-widget_type=\"text-editor.default\">\n\t\t\t\t<div class=\"elementor-widget-container\">\n\t\t\t\t\t\t\t\t\t<ul><li>Keine Kosten fallen bei einer Stornierung an, wenn Angeh\u00f6rige des Mieters oder Personen, f\u00fcr die das Mietobjekt angemietet wurde, verstorben sind;<\/li><li style=\"list-style-type: none;\"><ul><li>Erg\u00e4nzend und abweichend von der Stornokostenstaffel aus den Mietbedingungen der BOVAG\/SER geb\u00fchrt \u2013 unabh\u00e4ngig vom \u201eZeitpunkt\u201c \u2013 keine Stornokostenentsch\u00e4digung bei einer Stornierung infolge des Todes von Angeh\u00f6rigen des Mieters oder von Personen, f\u00fcr die das Mietobjekt gemietet wurde;<\/li><\/ul><\/li><\/ul>\t\t\t\t\t\t\t\t<\/div>\n\t\t\t\t<\/div>\n\t\t\t\t<div class=\"elementor-element elementor-element-0d032b8 elementor-widget elementor-widget-spacer\" data-id=\"0d032b8\" data-element_type=\"widget\" data-e-type=\"widget\" data-widget_type=\"spacer.default\">\n\t\t\t\t<div class=\"elementor-widget-container\">\n\t\t\t\t\t\t\t<div class=\"elementor-spacer\">\n\t\t\t<div class=\"elementor-spacer-inner\"><\/div>\n\t\t<\/div>\n\t\t\t\t\t\t<\/div>\n\t\t\t\t<\/div>\n\t\t\t\t<div class=\"elementor-element elementor-element-71af433 elementor-widget elementor-widget-text-editor\" data-id=\"71af433\" data-element_type=\"widget\" data-e-type=\"widget\" data-widget_type=\"text-editor.default\">\n\t\t\t\t<div class=\"elementor-widget-container\">\n\t\t\t\t\t\t\t\t\t<ul><li>Es fallen keine Stornierungsgeb\u00fchren an (mindestens 48 Stunden vorher), wenn der Mieter vor Mietbeginn erkrankt und das Mietobjekt aufgrund dieser Erkrankung nicht nutzen kann;<\/li><li style=\"list-style-type: none;\"><ul><li>Erg\u00e4nzend und abweichend von der Stornogeb\u00fchrenstaffel aus den Mietbedingungen der BOVAG\/SER wird bei einer Stornierung mindestens 48 Stunden vorher keine Stornogeb\u00fchr f\u00e4llig, wenn die Person, f\u00fcr die das Mietobjekt gemietet wurde, vor Mietbeginn erkrankt ist und das Mietobjekt aufgrund dieser Erkrankung nicht nutzen wird.<\/li><\/ul><\/li><\/ul>\t\t\t\t\t\t\t\t<\/div>\n\t\t\t\t<\/div>\n\t\t\t\t<div class=\"elementor-element elementor-element-f797921 elementor-widget elementor-widget-spacer\" data-id=\"f797921\" data-element_type=\"widget\" data-e-type=\"widget\" data-widget_type=\"spacer.default\">\n\t\t\t\t<div class=\"elementor-widget-container\">\n\t\t\t\t\t\t\t<div class=\"elementor-spacer\">\n\t\t\t<div class=\"elementor-spacer-inner\"><\/div>\n\t\t<\/div>\n\t\t\t\t\t\t<\/div>\n\t\t\t\t<\/div>\n\t\t\t\t<div class=\"elementor-element elementor-element-572d0ea elementor-widget elementor-widget-text-editor\" data-id=\"572d0ea\" data-element_type=\"widget\" data-e-type=\"widget\" data-widget_type=\"text-editor.default\">\n\t\t\t\t<div class=\"elementor-widget-container\">\n\t\t\t\t\t\t\t\t\t<ul><li>Die Selbstbeteiligung wird im Falle einer Besch\u00e4digung des Mietobjekts niemals erhoben, es sei denn, der Schaden ist durch Besch\u00e4digung oder Verlust (auch Diebstahl oder Verlust genannt) au\u00dferhalb der Provinz oder in Amsterdam entstanden.<\/li><\/ul>\t\t\t\t\t\t\t\t<\/div>\n\t\t\t\t<\/div>\n\t\t\t\t<div class=\"elementor-element elementor-element-1d1e01f elementor-widget elementor-widget-spacer\" data-id=\"1d1e01f\" data-element_type=\"widget\" data-e-type=\"widget\" data-widget_type=\"spacer.default\">\n\t\t\t\t<div class=\"elementor-widget-container\">\n\t\t\t\t\t\t\t<div class=\"elementor-spacer\">\n\t\t\t<div class=\"elementor-spacer-inner\"><\/div>\n\t\t<\/div>\n\t\t\t\t\t\t<\/div>\n\t\t\t\t<\/div>\n\t\t\t\t<div class=\"elementor-element elementor-element-47b541f elementor-widget elementor-widget-text-editor\" data-id=\"47b541f\" data-element_type=\"widget\" data-e-type=\"widget\" data-widget_type=\"text-editor.default\">\n\t\t\t\t<div class=\"elementor-widget-container\">\n\t\t\t\t\t\t\t\t\t<ul><li>Gem\u00e4\u00df den Mietbedingungen von BOVAG\/SER haftet der Verbraucher grunds\u00e4tzlich f\u00fcr Sch\u00e4den gegen\u00fcber dem Unternehmer pro Schadensfall bis zur im Mietvertrag angegebenen Selbstbeteiligung. F\u00fcr unser Paket \u201eFahrradfahren in Egmond aan Zee\u201c gilt jedoch Folgendes:<\/li><li style=\"list-style-type: none;\"><ul><li>Bei Sch\u00e4den an der Mietsache in Form von Verlust wird die Selbstbeteiligung niemals erhoben, wenn der Mieter den Schl\u00fcssel zur Mietsache vorzeigen kann und den Verlust (egal ob Diebstahl oder Verlust) in Egmond bei der Polizei meldet und dem Vermieter eine Kopie der Meldung aush\u00e4ndigt.<\/li><li>Gem\u00e4\u00df den Allgemeinen Mietbedingungen von Fietsen in Egmond darf der gemietete Gegenstand die Provinz nicht verlassen oder nach Amsterdam gebracht werden. Verluste au\u00dferhalb dieser Region oder in Amsterdam sind daher nicht durch die Fietsen in Egmond-Garantie abgedeckt.\u00a0\u00a0<\/li><\/ul><\/li><\/ul>\t\t\t\t\t\t\t\t<\/div>\n\t\t\t\t<\/div>\n\t\t\t\t<div class=\"elementor-element elementor-element-106c083 elementor-widget elementor-widget-spacer\" data-id=\"106c083\" data-element_type=\"widget\" data-e-type=\"widget\" data-widget_type=\"spacer.default\">\n\t\t\t\t<div class=\"elementor-widget-container\">\n\t\t\t\t\t\t\t<div class=\"elementor-spacer\">\n\t\t\t<div class=\"elementor-spacer-inner\"><\/div>\n\t\t<\/div>\n\t\t\t\t\t\t<\/div>\n\t\t\t\t<\/div>\n\t\t\t\t<div class=\"elementor-element elementor-element-8fa5d5d elementor-widget elementor-widget-text-editor\" data-id=\"8fa5d5d\" data-element_type=\"widget\" data-e-type=\"widget\" data-widget_type=\"text-editor.default\">\n\t\t\t\t<div class=\"elementor-widget-container\">\n\t\t\t\t\t\t\t\t\t<p><strong>F\u00fcr alle Streitigkeiten aus den Mietvertr\u00e4gen gilt ausschlie\u00dflich niederl\u00e4ndisches Recht. Dar\u00fcber hinaus sind ausschlie\u00dflich die niederl\u00e4ndischen Gerichte f\u00fcr die Beilegung dieser Streitigkeiten zust\u00e4ndig.<\/strong><\/p>\t\t\t\t\t\t\t\t<\/div>\n\t\t\t\t<\/div>\n\t\t\t\t<div class=\"elementor-element elementor-element-a54cb5c elementor-widget elementor-widget-spacer\" data-id=\"a54cb5c\" data-element_type=\"widget\" data-e-type=\"widget\" data-widget_type=\"spacer.default\">\n\t\t\t\t<div class=\"elementor-widget-container\">\n\t\t\t\t\t\t\t<div class=\"elementor-spacer\">\n\t\t\t<div class=\"elementor-spacer-inner\"><\/div>\n\t\t<\/div>\n\t\t\t\t\t\t<\/div>\n\t\t\t\t<\/div>\n\t\t\t\t<\/div>\n\t\t\t\t\t<\/div>\n\t\t\t\t<\/div>\n\t\t\t\t<\/div>","protected":false},"excerpt":{"rendered":"<p>Voorwaarden &#8216;Fietsen in Egmond Zekerheden&#8217; &#8211; Pakket Huurder kan bij verhuurder per gehuurd object het \u2018Fietsen in Egmond Zekerheden\u2019 \u2013 pakket afsluiten. De kosten hiervoor zijn 10% van de totale\u00a0\u00a0huurprijs, exclusief de eventuele\u00a0\u00a0borgsom. Als huurder met verhuurder het \u2018Fietsen in Egmond Zekerheden\u2019\u00a0 \u2013 Pakket heeft afgesloten, is huurder voor het betreffende object: Geen kosten verschuldigd [&hellip;]<\/p>\n","protected":false},"author":2,"featured_media":0,"parent":2931,"menu_order":3,"comment_status":"closed","ping_status":"closed","template":"","meta":{"footnotes":""},"class_list":["post-3042","page","type-page","status-publish","hentry"],"yoast_head":"<!-- This site is optimized with the Yoast SEO Premium plugin v24.7 (Yoast SEO v27.4) - https:\/\/yoast.com\/product\/yoast-seo-premium-wordpress\/ -->\n<title>Fietszekerheid voorwaarden - Fietsen in Egmond<\/title>\n<meta name=\"robots\" content=\"index, follow, max-snippet:-1, max-image-preview:large, max-video-preview:-1\" \/>\n<link rel=\"canonical\" href=\"https:\/\/fietseninegmond.nl\/de\/fahrrad-sicherheitspaket-2\/fahrradsicherheitsbedingungen\/\" \/>\n<meta property=\"og:locale\" content=\"de_DE\" \/>\n<meta property=\"og:type\" content=\"article\" \/>\n<meta property=\"og:title\" content=\"Fietszekerheid voorwaarden\" \/>\n<meta property=\"og:description\" content=\"Voorwaarden &#8216;Fietsen in Egmond Zekerheden&#8217; &#8211; Pakket Huurder kan bij verhuurder per gehuurd object het \u2018Fietsen in Egmond Zekerheden\u2019 \u2013 pakket afsluiten. De kosten hiervoor zijn 10% van de totale\u00a0\u00a0huurprijs, exclusief de eventuele\u00a0\u00a0borgsom. Als huurder met verhuurder het \u2018Fietsen in Egmond Zekerheden\u2019\u00a0 \u2013 Pakket heeft afgesloten, is huurder voor het betreffende object: Geen kosten verschuldigd [&hellip;]\" \/>\n<meta property=\"og:url\" content=\"https:\/\/fietseninegmond.nl\/de\/fahrrad-sicherheitspaket-2\/fahrradsicherheitsbedingungen\/\" \/>\n<meta property=\"og:site_name\" content=\"Fietsen in Egmond\" \/>\n<meta property=\"article:publisher\" content=\"https:\/\/www.facebook.com\/fietsoptexel\/\" \/>\n<meta property=\"article:modified_time\" content=\"2025-12-11T10:45:33+00:00\" \/>\n<meta property=\"og:image\" content=\"https:\/\/fietseninegmond.nl\/wp-content\/uploads\/Fietsen_op_Texel_10_MR\u00a9StefanKrofft2017-jpg-webp.webp\" \/>\n\t<meta property=\"og:image:width\" content=\"2000\" \/>\n\t<meta property=\"og:image:height\" content=\"1333\" \/>\n\t<meta property=\"og:image:type\" content=\"image\/jpeg\" \/>\n<meta name=\"twitter:card\" content=\"summary_large_image\" \/>\n<meta name=\"twitter:label1\" content=\"Gesch\u00e4tzte Lesezeit\" \/>\n\t<meta name=\"twitter:data1\" content=\"2\u00a0Minuten\" \/>\n<script type=\"application\/ld+json\" class=\"yoast-schema-graph\">{\"@context\":\"https:\\\/\\\/schema.org\",\"@graph\":[{\"@type\":\"WebPage\",\"@id\":\"https:\\\/\\\/fietseninegmond.nl\\\/fietszekerheid-pakket\\\/fietszekerheid-voorwaarden\\\/\",\"url\":\"https:\\\/\\\/fietseninegmond.nl\\\/fietszekerheid-pakket\\\/fietszekerheid-voorwaarden\\\/\",\"name\":\"Fietszekerheid voorwaarden - Fietsen in Egmond\",\"isPartOf\":{\"@id\":\"https:\\\/\\\/fietseninegmond.nl\\\/#website\"},\"datePublished\":\"2024-12-10T21:22:47+00:00\",\"dateModified\":\"2025-12-11T10:45:33+00:00\",\"breadcrumb\":{\"@id\":\"https:\\\/\\\/fietseninegmond.nl\\\/fietszekerheid-pakket\\\/fietszekerheid-voorwaarden\\\/#breadcrumb\"},\"inLanguage\":\"de\",\"potentialAction\":[{\"@type\":\"ReadAction\",\"target\":[\"https:\\\/\\\/fietseninegmond.nl\\\/fietszekerheid-pakket\\\/fietszekerheid-voorwaarden\\\/\"]}]},{\"@type\":\"BreadcrumbList\",\"@id\":\"https:\\\/\\\/fietseninegmond.nl\\\/fietszekerheid-pakket\\\/fietszekerheid-voorwaarden\\\/#breadcrumb\",\"itemListElement\":[{\"@type\":\"ListItem\",\"position\":1,\"name\":\"Home\",\"item\":\"https:\\\/\\\/fietseninegmond.nl\\\/\"},{\"@type\":\"ListItem\",\"position\":2,\"name\":\"Fietszekerheid Pakket\",\"item\":\"https:\\\/\\\/fietseninegmond.nl\\\/fietszekerheid-pakket\\\/\"},{\"@type\":\"ListItem\",\"position\":3,\"name\":\"Fietszekerheid voorwaarden\"}]},{\"@type\":\"WebSite\",\"@id\":\"https:\\\/\\\/fietseninegmond.nl\\\/#website\",\"url\":\"https:\\\/\\\/fietseninegmond.nl\\\/\",\"name\":\"Fietsen op Texel\",\"description\":\"Huur een fiets in Egmond!\",\"publisher\":{\"@id\":\"https:\\\/\\\/fietseninegmond.nl\\\/#organization\"},\"potentialAction\":[{\"@type\":\"SearchAction\",\"target\":{\"@type\":\"EntryPoint\",\"urlTemplate\":\"https:\\\/\\\/fietseninegmond.nl\\\/?s={search_term_string}\"},\"query-input\":{\"@type\":\"PropertyValueSpecification\",\"valueRequired\":true,\"valueName\":\"search_term_string\"}}],\"inLanguage\":\"de\"},{\"@type\":\"Organization\",\"@id\":\"https:\\\/\\\/fietseninegmond.nl\\\/#organization\",\"name\":\"Fietsen op Texel\",\"url\":\"https:\\\/\\\/fietseninegmond.nl\\\/\",\"logo\":{\"@type\":\"ImageObject\",\"inLanguage\":\"de\",\"@id\":\"https:\\\/\\\/fietseninegmond.nl\\\/#\\\/schema\\\/logo\\\/image\\\/\",\"url\":\"https:\\\/\\\/fietseninegmond.nl\\\/wp-content\\\/uploads\\\/logo-fietsenoptexel.png\",\"contentUrl\":\"https:\\\/\\\/fietseninegmond.nl\\\/wp-content\\\/uploads\\\/logo-fietsenoptexel.png\",\"width\":3475,\"height\":769,\"caption\":\"Fietsen op Texel\"},\"image\":{\"@id\":\"https:\\\/\\\/fietseninegmond.nl\\\/#\\\/schema\\\/logo\\\/image\\\/\"},\"sameAs\":[\"https:\\\/\\\/www.facebook.com\\\/fietsoptexel\\\/\",\"https:\\\/\\\/www.instagram.com\\\/fietsenoptexel\\\/\"]}]}<\/script>\n<!-- \/ Yoast SEO Premium plugin. -->","yoast_head_json":{"title":"Sicherheitsbedingungen f\u00fcr Fahrr\u00e4der - Radfahren in Egmond","robots":{"index":"index","follow":"follow","max-snippet":"max-snippet:-1","max-image-preview":"max-image-preview:large","max-video-preview":"max-video-preview:-1"},"canonical":"https:\/\/fietseninegmond.nl\/de\/fahrrad-sicherheitspaket-2\/fahrradsicherheitsbedingungen\/","og_locale":"de_DE","og_type":"article","og_title":"Fietszekerheid voorwaarden","og_description":"Voorwaarden &#8216;Fietsen in Egmond Zekerheden&#8217; &#8211; Pakket Huurder kan bij verhuurder per gehuurd object het \u2018Fietsen in Egmond Zekerheden\u2019 \u2013 pakket afsluiten. De kosten hiervoor zijn 10% van de totale\u00a0\u00a0huurprijs, exclusief de eventuele\u00a0\u00a0borgsom. Als huurder met verhuurder het \u2018Fietsen in Egmond Zekerheden\u2019\u00a0 \u2013 Pakket heeft afgesloten, is huurder voor het betreffende object: Geen kosten verschuldigd [&hellip;]","og_url":"https:\/\/fietseninegmond.nl\/de\/fahrrad-sicherheitspaket-2\/fahrradsicherheitsbedingungen\/","og_site_name":"Fietsen in Egmond","article_publisher":"https:\/\/www.facebook.com\/fietsoptexel\/","article_modified_time":"2025-12-11T10:45:33+00:00","og_image":[{"width":2000,"height":1333,"url":"https:\/\/fietseninegmond.nl\/wp-content\/uploads\/Fietsen_op_Texel_10_MR\u00a9StefanKrofft2017-jpg-webp.webp","type":"image\/jpeg"}],"twitter_card":"summary_large_image","twitter_misc":{"Gesch\u00e4tzte Lesezeit":"2\u00a0Minuten"},"schema":{"@context":"https:\/\/schema.org","@graph":[{"@type":"WebPage","@id":"https:\/\/fietseninegmond.nl\/fietszekerheid-pakket\/fietszekerheid-voorwaarden\/","url":"https:\/\/fietseninegmond.nl\/fietszekerheid-pakket\/fietszekerheid-voorwaarden\/","name":"Sicherheitsbedingungen f\u00fcr Fahrr\u00e4der - Radfahren in Egmond","isPartOf":{"@id":"https:\/\/fietseninegmond.nl\/#website"},"datePublished":"2024-12-10T21:22:47+00:00","dateModified":"2025-12-11T10:45:33+00:00","breadcrumb":{"@id":"https:\/\/fietseninegmond.nl\/fietszekerheid-pakket\/fietszekerheid-voorwaarden\/#breadcrumb"},"inLanguage":"de","potentialAction":[{"@type":"ReadAction","target":["https:\/\/fietseninegmond.nl\/fietszekerheid-pakket\/fietszekerheid-voorwaarden\/"]}]},{"@type":"BreadcrumbList","@id":"https:\/\/fietseninegmond.nl\/fietszekerheid-pakket\/fietszekerheid-voorwaarden\/#breadcrumb","itemListElement":[{"@type":"ListItem","position":1,"name":"Home","item":"https:\/\/fietseninegmond.nl\/"},{"@type":"ListItem","position":2,"name":"Fietszekerheid Pakket","item":"https:\/\/fietseninegmond.nl\/fietszekerheid-pakket\/"},{"@type":"ListItem","position":3,"name":"Fietszekerheid voorwaarden"}]},{"@type":"WebSite","@id":"https:\/\/fietseninegmond.nl\/#website","url":"https:\/\/fietseninegmond.nl\/","name":"Radfahren auf Texel","description":"Mieten Sie ein Fahrrad in Egmond!","publisher":{"@id":"https:\/\/fietseninegmond.nl\/#organization"},"potentialAction":[{"@type":"SearchAction","target":{"@type":"EntryPoint","urlTemplate":"https:\/\/fietseninegmond.nl\/?s={search_term_string}"},"query-input":{"@type":"PropertyValueSpecification","valueRequired":true,"valueName":"search_term_string"}}],"inLanguage":"de"},{"@type":"Organization","@id":"https:\/\/fietseninegmond.nl\/#organization","name":"Radfahren auf Texel","url":"https:\/\/fietseninegmond.nl\/","logo":{"@type":"ImageObject","inLanguage":"de","@id":"https:\/\/fietseninegmond.nl\/#\/schema\/logo\/image\/","url":"https:\/\/fietseninegmond.nl\/wp-content\/uploads\/logo-fietsenoptexel.png","contentUrl":"https:\/\/fietseninegmond.nl\/wp-content\/uploads\/logo-fietsenoptexel.png","width":3475,"height":769,"caption":"Fietsen op Texel"},"image":{"@id":"https:\/\/fietseninegmond.nl\/#\/schema\/logo\/image\/"},"sameAs":["https:\/\/www.facebook.com\/fietsoptexel\/","https:\/\/www.instagram.com\/fietsenoptexel\/"]}]}},"_links":{"self":[{"href":"https:\/\/fietseninegmond.nl\/de\/wp-json\/wp\/v2\/pages\/3042","targetHints":{"allow":["GET"]}}],"collection":[{"href":"https:\/\/fietseninegmond.nl\/de\/wp-json\/wp\/v2\/pages"}],"about":[{"href":"https:\/\/fietseninegmond.nl\/de\/wp-json\/wp\/v2\/types\/page"}],"author":[{"embeddable":true,"href":"https:\/\/fietseninegmond.nl\/de\/wp-json\/wp\/v2\/users\/2"}],"replies":[{"embeddable":true,"href":"https:\/\/fietseninegmond.nl\/de\/wp-json\/wp\/v2\/comments?post=3042"}],"version-history":[{"count":0,"href":"https:\/\/fietseninegmond.nl\/de\/wp-json\/wp\/v2\/pages\/3042\/revisions"}],"up":[{"embeddable":true,"href":"https:\/\/fietseninegmond.nl\/de\/wp-json\/wp\/v2\/pages\/2931"}],"wp:attachment":[{"href":"https:\/\/fietseninegmond.nl\/de\/wp-json\/wp\/v2\/media?parent=3042"}],"curies":[{"name":"wp","href":"https:\/\/api.w.org\/{rel}","templated":true}]}}